{"id":20,"date":"2021-03-17T08:56:02","date_gmt":"2021-03-17T11:56:02","guid":{"rendered":"https:\/\/neumaracing.cl\/index.php\/about-us\/"},"modified":"2023-05-10T00:16:44","modified_gmt":"2023-05-10T04:16:44","slug":"about-us","status":"publish","type":"page","link":"https:\/\/neumaracing.cl\/index.php\/about-us\/","title":{"rendered":"About Us"},"content":{"rendered":"\t\t<div data-elementor-type=\"wp-page\" data-elementor-id=\"20\" class=\"elementor elementor-20\">\n\t\t\t\t\t\t\t\t\t<section class=\"elementor-section elementor-top-section elementor-element elementor-element-6ce0f36 elementor-section-boxed elementor-section-height-default elementor-section-height-default\" data-id=\"6ce0f36\" data-element_type=\"section\">\n\t\t\t\t\t\t<div class=\"elementor-container elementor-column-gap-default\">\n\t\t\t\t\t<div class=\"elementor-column elementor-col-100 elementor-top-column elementor-element elementor-element-ea52475\" data-id=\"ea52475\" data-element_type=\"column\">\n\t\t\t<div class=\"elementor-widget-wrap elementor-element-populated\">\n\t\t\t\t\t\t\t\t\t<\/div>\n\t\t<\/div>\n\t\t\t\t\t\t\t<\/div>\n\t\t<\/section>\n\t\t\t\t<section class=\"elementor-section elementor-top-section elementor-element elementor-element-263b68b elementor-section-boxed elementor-section-height-default elementor-section-height-default\" data-id=\"263b68b\" data-element_type=\"section\" data-settings=\"{&quot;background_background&quot;:&quot;classic&quot;}\">\n\t\t\t\t\t\t<div class=\"elementor-container elementor-column-gap-no\">\n\t\t\t\t\t<div class=\"elementor-column elementor-col-100 elementor-top-column elementor-element elementor-element-8409681\" data-id=\"8409681\" data-element_type=\"column\">\n\t\t\t<div class=\"elementor-widget-wrap elementor-element-populated\">\n\t\t\t\t\t\t\t\t<div class=\"elementor-element elementor-element-ff72706 elementor-widget elementor-widget-heading\" data-id=\"ff72706\" data-element_type=\"widget\" data-widget_type=\"heading.default\">\n\t\t\t\t<div class=\"elementor-widget-container\">\n\t\t\t<style>\/*! elementor - v3.11.1 - 15-02-2023 *\/\n.elementor-heading-title{padding:0;margin:0;line-height:1}.elementor-widget-heading .elementor-heading-title[class*=elementor-size-]>a{color:inherit;font-size:inherit;line-height:inherit}.elementor-widget-heading .elementor-heading-title.elementor-size-small{font-size:15px}.elementor-widget-heading .elementor-heading-title.elementor-size-medium{font-size:19px}.elementor-widget-heading .elementor-heading-title.elementor-size-large{font-size:29px}.elementor-widget-heading .elementor-heading-title.elementor-size-xl{font-size:39px}.elementor-widget-heading .elementor-heading-title.elementor-size-xxl{font-size:59px}<\/style><h1 class=\"elementor-heading-title elementor-size-medium\"><div><div><div><div><main><div><div><div><div><div><div><div><div><div><div><p>Quienes Somos<\/p><p><\/p><p>En Neumaracing, creemos que mantener un veh\u00edculo en \u00f3ptimas condiciones no tiene por qu\u00e9 ser costoso. Es por eso que nos especializamos en la venta de repuestos alternativos de carrocer\u00eda de alta calidad, a precios competitivos, para ayudar a nuestros clientes a ahorrar sin comprometer la calidad.<\/p><p>Nos enorgullece ofrecer a nuestros clientes una amplia variedad de repuestos alternativos de carrocer\u00eda, que incluyen parachoques, portalones, capots, faros, retrovisores y m\u00e1s. Todos nuestros productos son de marcas reconocidas y cumplen con los m\u00e1s altos est\u00e1ndares de calidad, por lo que nuestros clientes pueden estar seguros de que est\u00e1n recibiendo productos confiables y duraderos.<\/p><p>En Neumaracing, nos esforzamos por ofrecer un servicio al cliente excepcional. Nuestro personal altamente capacitado est\u00e1 siempre dispuesto a ayudar a nuestros clientes a encontrar las piezas que necesitan y ofrecer asesoramiento t\u00e9cnico en caso de ser necesario. Tambi\u00e9n ofrecemos un servicio de env\u00edo r\u00e1pido y eficiente para que nuestros clientes puedan recibir sus repuestos en tiempo y forma, en cualquier lugar donde se encuentren.<\/p><p>En resumen, en Neumaracing nos enfocamos en ayudar a nuestros clientes a ahorrar en el mantenimiento de sus veh\u00edculos, ofreciendo repuestos alternativos de carrocer\u00eda de alta calidad, a precios competitivos, junto con un servicio al cliente excepcional. Nos esforzamos por hacer que el proceso de compra de repuestos sea f\u00e1cil y accesible para todos nuestros clientes, sin comprometer la calidad o la durabilidad de los productos.<\/p><\/div><\/div><\/div><\/div><\/div><\/div><\/div><\/div><\/div><\/div><\/main><\/div><\/div><\/div><\/div><\/h1>\t\t<\/div>\n\t\t\t\t<\/div>\n\t\t\t\t\t<\/div>\n\t\t<\/div>\n\t\t\t\t\t\t\t<\/div>\n\t\t<\/section>\n\t\t\t\t\t\t\t<\/div>\n\t\t","protected":false},"excerpt":{"rendered":"<p>Quienes Somos En Neumaracing, creemos que mantener un veh\u00edculo en \u00f3ptimas condiciones no tiene por qu\u00e9 ser costoso. Es por eso que nos especializamos en la venta de repuestos alternativos de carrocer\u00eda de alta calidad, a precios competitivos, para ayudar a nuestros clientes a ahorrar sin comprometer la calidad. Nos enorgullece ofrecer a nuestros clientes &hellip;<\/p>\n<p class=\"read-more\"> <a class=\"\" href=\"https:\/\/neumaracing.cl\/index.php\/about-us\/\"> <span class=\"screen-reader-text\">About Us<\/span> Read More &raquo;<\/a><\/p>\n","protected":false},"author":1,"featured_media":0,"parent":0,"menu_order":0,"comment_status":"closed","ping_status":"closed","template":"","meta":{"site-sidebar-layout":"no-sidebar","site-content-layout":"page-builder","ast-global-header-display":"","ast-main-header-display":"","ast-hfb-above-header-display":"","ast-hfb-below-header-display":"","ast-hfb-mobile-header-display":"","site-post-title":"disabled","ast-breadcrumbs-content":"disabled","ast-featured-img":"disabled","footer-sml-layout":"","theme-transparent-header-meta":"enabled","adv-header-id-meta":"","stick-header-meta":"","header-above-stick-meta":"","header-main-stick-meta":"","header-below-stick-meta":"","footnotes":""},"_links":{"self":[{"href":"https:\/\/neumaracing.cl\/index.php\/wp-json\/wp\/v2\/pages\/20"}],"collection":[{"href":"https:\/\/neumaracing.cl\/index.php\/wp-json\/wp\/v2\/pages"}],"about":[{"href":"https:\/\/neumaracing.cl\/index.php\/wp-json\/wp\/v2\/types\/page"}],"author":[{"embeddable":true,"href":"https:\/\/neumaracing.cl\/index.php\/wp-json\/wp\/v2\/users\/1"}],"replies":[{"embeddable":true,"href":"https:\/\/neumaracing.cl\/index.php\/wp-json\/wp\/v2\/comments?post=20"}],"version-history":[{"count":0,"href":"https:\/\/neumaracing.cl\/index.php\/wp-json\/wp\/v2\/pages\/20\/revisions"}],"wp:attachment":[{"href":"https:\/\/neumaracing.cl\/index.php\/wp-json\/wp\/v2\/media?parent=20"}],"curies":[{"name":"wp","href":"https:\/\/api.w.org\/{rel}","templated":true}]}}